{"id":254,"date":"2024-04-29T09:00:36","date_gmt":"2024-04-29T09:00:36","guid":{"rendered":"https:\/\/hardcore-wing.91-151-16-32.plesk.page\/index.php\/impressum\/"},"modified":"2024-04-29T21:23:22","modified_gmt":"2024-04-29T21:23:22","slug":"impressum","status":"publish","type":"page","link":"https:\/\/www.bumsn.at\/index.php\/impressum\/","title":{"rendered":"Impressum"},"content":{"rendered":"<p>Firmenname:<strong> Wirtshaus zur Bums\u00b4n &#8211; Unger &#8222;Bumsn&#8220; GmbH<br \/>\n<\/strong>Rechtsform: <strong>Gesellschaft mit beschr\u00e4nkter Haftung<\/strong><br \/>\nUnternehmensbezeichnung: <strong>Brauwirtshaus<\/strong><br \/>\nGesch\u00e4ftsf\u00fchrer: <strong>Herbert Unger<\/strong><br \/>\nStra\u00dfe: <strong>Denisgasse 8<\/strong><br \/>\nPLZ\/Ort: <strong>A-4780 Sch\u00e4rding<\/strong><br \/>\nTelefon: <strong>+43-7712-3061<\/strong><br \/>\nTelefax: <strong>+43-7712-3061 &#8211; 4<\/strong><br \/>\nHomepage: <strong>www.bumsn.at<\/strong><br \/>\nE-Mail: <a href=\"mailto:wirtshaus@bumsn.at\">wirtshaus@bumsn.at<\/a><br \/>\nZust\u00e4ndige Kammer: <strong>Wirtschaftskammer Ober\u00f6sterreich<\/strong><br \/>\nUID: <strong>ATU71090936<\/strong><\/p>\n<p>Firmensitz: <strong>Sch\u00e4rding<br \/>\n<\/strong>Firmenbuchnummer: <strong>FN453735h<\/strong><br \/>\nFirmenbuchgericht: <strong>Landesgericht Ried im Innkreis<\/strong><br \/>\nAufsichtsbeh\u00f6rde\/Gewerbebeh\u00f6rde: <strong>Bezirkshauptmannschaft Sch\u00e4rding<\/strong><\/p>\n<p>\u00d6fffnungszeiten: <strong>T\u00e4glich ab 8.00 &#8211; 24.00<\/strong><br \/>\n<strong>Sonn- und Feiertag Ruhetag<\/strong><\/p>\n<p>Haftungshinweis:<br \/>\nTrotz inhaltlicher Kontrolle \u00fcbernehmen wir keinerlei Haftung f\u00fcr die Inhalte externer Links. F\u00fcr den Inhalt der verlinkten Seiten sind ausschlie\u00dflich deren Betreiber verantwortlich.<\/p>\n<p>Nutzungshinweise:<br \/>\nS\u00e4mtliche Beitr\u00e4ge, Dokumente und Bilder auf der Homepage sind urheberrechtlich gesch\u00fctzt. Alle Verwertungen, gleich welcher Art, d\u00fcrfen nur mit vorheriger schriftlicher Genehmigung erfolgen.<\/p>\n","protected":false},"excerpt":{"rendered":"<p>Firmenname: Wirtshaus zur Bums\u00b4n &#8211; Unger &#8222;Bumsn&#8220; GmbH Rechtsform: Gesellschaft mit beschr\u00e4nkter Haftung Unternehmensbezeichnung: Brauwirtshaus Gesch\u00e4ftsf\u00fchrer: Herbert Unger Stra\u00dfe: Denisgasse 8 PLZ\/Ort: A-4780 Sch\u00e4rding Telefon: +43-7712-3061 Telefax: +43-7712-3061 &#8211; 4 Homepage: www.bumsn.at E-Mail: wirtshaus@bumsn.at Zust\u00e4ndige Kammer: Wirtschaftskammer Ober\u00f6sterreich UID: ATU71090936 Firmensitz: Sch\u00e4rding Firmenbuchnummer: FN453735h Firmenbuchgericht: Landesgericht Ried im Innkreis Aufsichtsbeh\u00f6rde\/Gewerbebeh\u00f6rde: Bezirkshauptmannschaft Sch\u00e4rding \u00d6fffnungszeiten: T\u00e4glich ab [&hellip;]<\/p>\n","protected":false},"author":1,"featured_media":0,"parent":0,"menu_order":0,"comment_status":"closed","ping_status":"closed","template":"page-templates\/page-text.php","meta":{"footnotes":""},"class_list":["post-254","page","type-page","status-publish","hentry"],"acf":[],"yoast_head":"<!-- This site is optimized with the Yoast SEO plugin v22.8 - https:\/\/yoast.com\/wordpress\/plugins\/seo\/ -->\n<title>Impressum - Wirtshaus zur Bums&#039;n in Sch\u00e4rding<\/title>\n<meta name=\"robots\" content=\"index, follow, max-snippet:-1, max-image-preview:large, max-video-preview:-1\" \/>\n<link rel=\"canonical\" href=\"https:\/\/www.bumsn.at\/index.php\/impressum\/\" \/>\n<meta property=\"og:locale\" content=\"de_DE\" \/>\n<meta property=\"og:type\" content=\"article\" \/>\n<meta property=\"og:title\" content=\"Impressum - Wirtshaus zur Bums&#039;n in Sch\u00e4rding\" \/>\n<meta property=\"og:description\" content=\"Firmenname: Wirtshaus zur Bums\u00b4n &#8211; Unger &#8222;Bumsn&#8220; GmbH Rechtsform: Gesellschaft mit beschr\u00e4nkter Haftung Unternehmensbezeichnung: Brauwirtshaus Gesch\u00e4ftsf\u00fchrer: Herbert Unger Stra\u00dfe: Denisgasse 8 PLZ\/Ort: A-4780 Sch\u00e4rding Telefon: +43-7712-3061 Telefax: +43-7712-3061 &#8211; 4 Homepage: www.bumsn.at E-Mail: wirtshaus@bumsn.at Zust\u00e4ndige Kammer: Wirtschaftskammer Ober\u00f6sterreich UID: ATU71090936 Firmensitz: Sch\u00e4rding Firmenbuchnummer: FN453735h Firmenbuchgericht: Landesgericht Ried im Innkreis Aufsichtsbeh\u00f6rde\/Gewerbebeh\u00f6rde: Bezirkshauptmannschaft Sch\u00e4rding \u00d6fffnungszeiten: T\u00e4glich ab [&hellip;]\" \/>\n<meta property=\"og:url\" content=\"https:\/\/www.bumsn.at\/index.php\/impressum\/\" \/>\n<meta property=\"og:site_name\" content=\"Wirtshaus zur Bums&#039;n in Sch\u00e4rding\" \/>\n<meta property=\"article:modified_time\" content=\"2024-04-29T21:23:22+00:00\" \/>\n<meta name=\"twitter:card\" content=\"summary_large_image\" \/>\n<meta name=\"twitter:label1\" content=\"Gesch\u00e4tzte Lesezeit\" \/>\n\t<meta name=\"twitter:data1\" content=\"1\u00a0Minute\" \/>\n<script type=\"application\/ld+json\" class=\"yoast-schema-graph\">{\"@context\":\"https:\/\/schema.org\",\"@graph\":[{\"@type\":\"WebPage\",\"@id\":\"https:\/\/www.bumsn.at\/index.php\/impressum\/\",\"url\":\"https:\/\/www.bumsn.at\/index.php\/impressum\/\",\"name\":\"Impressum - Wirtshaus zur Bums&#039;n in Sch\u00e4rding\",\"isPartOf\":{\"@id\":\"https:\/\/www.bumsn.at\/#website\"},\"datePublished\":\"2024-04-29T09:00:36+00:00\",\"dateModified\":\"2024-04-29T21:23:22+00:00\",\"breadcrumb\":{\"@id\":\"https:\/\/www.bumsn.at\/index.php\/impressum\/#breadcrumb\"},\"inLanguage\":\"de\",\"potentialAction\":[{\"@type\":\"ReadAction\",\"target\":[\"https:\/\/www.bumsn.at\/index.php\/impressum\/\"]}]},{\"@type\":\"BreadcrumbList\",\"@id\":\"https:\/\/www.bumsn.at\/index.php\/impressum\/#breadcrumb\",\"itemListElement\":[{\"@type\":\"ListItem\",\"position\":1,\"name\":\"Startseite\",\"item\":\"https:\/\/www.bumsn.at\/\"},{\"@type\":\"ListItem\",\"position\":2,\"name\":\"Impressum\"}]},{\"@type\":\"WebSite\",\"@id\":\"https:\/\/www.bumsn.at\/#website\",\"url\":\"https:\/\/www.bumsn.at\/\",\"name\":\"Wirtshaus zur Bums'n in Sch\u00e4rding\",\"description\":\"\",\"publisher\":{\"@id\":\"https:\/\/www.bumsn.at\/#organization\"},\"potentialAction\":[{\"@type\":\"SearchAction\",\"target\":{\"@type\":\"EntryPoint\",\"urlTemplate\":\"https:\/\/www.bumsn.at\/?s={search_term_string}\"},\"query-input\":\"required name=search_term_string\"}],\"inLanguage\":\"de\"},{\"@type\":\"Organization\",\"@id\":\"https:\/\/www.bumsn.at\/#organization\",\"name\":\"Wirtshaus zur Bums'n in Sch\u00e4rding\",\"url\":\"https:\/\/www.bumsn.at\/\",\"logo\":{\"@type\":\"ImageObject\",\"inLanguage\":\"de\",\"@id\":\"https:\/\/www.bumsn.at\/#\/schema\/logo\/image\/\",\"url\":\"https:\/\/www.bumsn.at\/wp-content\/uploads\/2024\/04\/s5_logo.png\",\"contentUrl\":\"https:\/\/www.bumsn.at\/wp-content\/uploads\/2024\/04\/s5_logo.png\",\"width\":192,\"height\":90,\"caption\":\"Wirtshaus zur Bums'n in Sch\u00e4rding\"},\"image\":{\"@id\":\"https:\/\/www.bumsn.at\/#\/schema\/logo\/image\/\"}}]}<\/script>\n<!-- \/ Yoast SEO plugin. -->","yoast_head_json":{"title":"Impressum - Wirtshaus zur Bums&#039;n in Sch\u00e4rding","robots":{"index":"index","follow":"follow","max-snippet":"max-snippet:-1","max-image-preview":"max-image-preview:large","max-video-preview":"max-video-preview:-1"},"canonical":"https:\/\/www.bumsn.at\/index.php\/impressum\/","og_locale":"de_DE","og_type":"article","og_title":"Impressum - Wirtshaus zur Bums&#039;n in Sch\u00e4rding","og_description":"Firmenname: Wirtshaus zur Bums\u00b4n &#8211; Unger &#8222;Bumsn&#8220; GmbH Rechtsform: Gesellschaft mit beschr\u00e4nkter Haftung Unternehmensbezeichnung: Brauwirtshaus Gesch\u00e4ftsf\u00fchrer: Herbert Unger Stra\u00dfe: Denisgasse 8 PLZ\/Ort: A-4780 Sch\u00e4rding Telefon: +43-7712-3061 Telefax: +43-7712-3061 &#8211; 4 Homepage: www.bumsn.at E-Mail: wirtshaus@bumsn.at Zust\u00e4ndige Kammer: Wirtschaftskammer Ober\u00f6sterreich UID: ATU71090936 Firmensitz: Sch\u00e4rding Firmenbuchnummer: FN453735h Firmenbuchgericht: Landesgericht Ried im Innkreis Aufsichtsbeh\u00f6rde\/Gewerbebeh\u00f6rde: Bezirkshauptmannschaft Sch\u00e4rding \u00d6fffnungszeiten: T\u00e4glich ab [&hellip;]","og_url":"https:\/\/www.bumsn.at\/index.php\/impressum\/","og_site_name":"Wirtshaus zur Bums&#039;n in Sch\u00e4rding","article_modified_time":"2024-04-29T21:23:22+00:00","twitter_card":"summary_large_image","twitter_misc":{"Gesch\u00e4tzte Lesezeit":"1\u00a0Minute"},"schema":{"@context":"https:\/\/schema.org","@graph":[{"@type":"WebPage","@id":"https:\/\/www.bumsn.at\/index.php\/impressum\/","url":"https:\/\/www.bumsn.at\/index.php\/impressum\/","name":"Impressum - Wirtshaus zur Bums&#039;n in Sch\u00e4rding","isPartOf":{"@id":"https:\/\/www.bumsn.at\/#website"},"datePublished":"2024-04-29T09:00:36+00:00","dateModified":"2024-04-29T21:23:22+00:00","breadcrumb":{"@id":"https:\/\/www.bumsn.at\/index.php\/impressum\/#breadcrumb"},"inLanguage":"de","potentialAction":[{"@type":"ReadAction","target":["https:\/\/www.bumsn.at\/index.php\/impressum\/"]}]},{"@type":"BreadcrumbList","@id":"https:\/\/www.bumsn.at\/index.php\/impressum\/#breadcrumb","itemListElement":[{"@type":"ListItem","position":1,"name":"Startseite","item":"https:\/\/www.bumsn.at\/"},{"@type":"ListItem","position":2,"name":"Impressum"}]},{"@type":"WebSite","@id":"https:\/\/www.bumsn.at\/#website","url":"https:\/\/www.bumsn.at\/","name":"Wirtshaus zur Bums'n in Sch\u00e4rding","description":"","publisher":{"@id":"https:\/\/www.bumsn.at\/#organization"},"potentialAction":[{"@type":"SearchAction","target":{"@type":"EntryPoint","urlTemplate":"https:\/\/www.bumsn.at\/?s={search_term_string}"},"query-input":"required name=search_term_string"}],"inLanguage":"de"},{"@type":"Organization","@id":"https:\/\/www.bumsn.at\/#organization","name":"Wirtshaus zur Bums'n in Sch\u00e4rding","url":"https:\/\/www.bumsn.at\/","logo":{"@type":"ImageObject","inLanguage":"de","@id":"https:\/\/www.bumsn.at\/#\/schema\/logo\/image\/","url":"https:\/\/www.bumsn.at\/wp-content\/uploads\/2024\/04\/s5_logo.png","contentUrl":"https:\/\/www.bumsn.at\/wp-content\/uploads\/2024\/04\/s5_logo.png","width":192,"height":90,"caption":"Wirtshaus zur Bums'n in Sch\u00e4rding"},"image":{"@id":"https:\/\/www.bumsn.at\/#\/schema\/logo\/image\/"}}]}},"_links":{"self":[{"href":"https:\/\/www.bumsn.at\/index.php\/wp-json\/wp\/v2\/pages\/254","targetHints":{"allow":["GET"]}}],"collection":[{"href":"https:\/\/www.bumsn.at\/index.php\/wp-json\/wp\/v2\/pages"}],"about":[{"href":"https:\/\/www.bumsn.at\/index.php\/wp-json\/wp\/v2\/types\/page"}],"author":[{"embeddable":true,"href":"https:\/\/www.bumsn.at\/index.php\/wp-json\/wp\/v2\/users\/1"}],"replies":[{"embeddable":true,"href":"https:\/\/www.bumsn.at\/index.php\/wp-json\/wp\/v2\/comments?post=254"}],"version-history":[{"count":4,"href":"https:\/\/www.bumsn.at\/index.php\/wp-json\/wp\/v2\/pages\/254\/revisions"}],"predecessor-version":[{"id":276,"href":"https:\/\/www.bumsn.at\/index.php\/wp-json\/wp\/v2\/pages\/254\/revisions\/276"}],"wp:attachment":[{"href":"https:\/\/www.bumsn.at\/index.php\/wp-json\/wp\/v2\/media?parent=254"}],"curies":[{"name":"wp","href":"https:\/\/api.w.org\/{rel}","templated":true}]}}