{"id":10,"date":"2024-01-03T09:25:45","date_gmt":"2024-01-03T09:25:45","guid":{"rendered":"https:\/\/hardcore-wing.91-151-16-32.plesk.page\/?page_id=10"},"modified":"2026-04-25T06:49:48","modified_gmt":"2026-04-25T06:49:48","slug":"tagesmenue","status":"publish","type":"page","link":"https:\/\/www.bumsn.at\/index.php\/essen-trinken\/tagesmenue\/","title":{"rendered":"Tageskarte"},"content":{"rendered":"\n<p class=\"has-medium-font-size\">Samstag, 25. April 2026<\/p>\n\n\n\n<p><strong>MEN\u00dc<\/strong><br>Zucchinicremesuppe<\/p>\n\n\n\n<hr class=\"wp-block-separator has-alpha-channel-opacity\" \/>\n\n\n\n<p>Spargel Cordon Bleu<br>(paniertes Schnitzel mit Spargel, Schinken und Frischk\u00e4se gef\u00fcllt)<br>mit Kartoffeln und gemischtem Salat 19,50<\/p>\n\n\n\n<p><strong>STAMMGERICHT<\/strong><br>Bums\u00b4n Salat<br>(Leberk\u00e4se, Kartoffel- und Krautsalat) 12,80<\/p>\n\n\n\n<p><strong>GERICHT DES TAGES<\/strong><br>Frischer Stangenspargel (Schrobenhausen)<br>mit Sauce Hollandaise, kleinem Rumpsteak und Kartoffeln 28,50<\/p>\n\n\n\n<p>Spargelcremesuppe mit Schlagobers und Croutons 5,90<\/p>\n\n\n\n<p>Frischer Stangenspargel (Schrobenhausen) mit Sauce Hollandaise,<br>gebratenen Schinken und Kartoffeln 17,40<\/p>\n\n\n\n<p>Frischer Stangenspargel (Schrobenhausen)<br>mit Sauce Hollandaise oder zerlassener Butter und Kartoffeln 20,70<\/p>\n\n\n\n<p>Frischer Stangenspargel (Schrobenhausen) mit Sauce Hollandaise,<br>kleinem Wiener Schnitzel (Schwein) und Kartoffeln 23,20<\/p>\n\n\n\n<p>Frischer Stangenspargel (Schrobenhausen) mit Sauce Hollandaise,<br>gegrilltem Schweinefiletmedaillons und Kartoffeln 26,00<\/p>\n\n\n\n<p>Frischer Stangenspargel (Schrobenhausen) mit Sauce Hollandaise,<br>gegrilltem Lachsfilet und Kartoffeln 25,30<\/p>\n\n\n\n<p>WEINEMPFEHLUNG<\/p>\n\n\n\n<p>Gelber Muskateller \u201evom L\u00f6ss\u201c duftig-fruchtig, Hollunderbl\u00fctenbukett sehr lebendig<br>Weingut Pfeiffer, Kleinwetzdorf, Weinviertel 4,80<\/p>\n\n\n\n<p>Ros\u00e9 Zweigelt frische Erdbeeren und Ribisel, kr\u00e4uterw\u00fcrzig, spritzig, fruchtig<br>Winzer Krems, Sandgrube 13 4,40<\/p>\n\n\n\n<p><\/p>\n","protected":false},"excerpt":{"rendered":"<p>Samstag, 25. April 2026 MEN\u00dcZucchinicremesuppe Spargel Cordon Bleu(paniertes Schnitzel mit Spargel, Schinken und Frischk\u00e4se gef\u00fcllt)mit Kartoffeln und gemischtem Salat 19,50 STAMMGERICHTBums\u00b4n Salat(Leberk\u00e4se, Kartoffel- und Krautsalat) 12,80 GERICHT DES TAGESFrischer Stangenspargel (Schrobenhausen)mit Sauce Hollandaise, kleinem Rumpsteak und Kartoffeln 28,50 Spargelcremesuppe mit Schlagobers und Croutons 5,90 Frischer Stangenspargel (Schrobenhausen) mit Sauce Hollandaise,gebratenen Schinken und Kartoffeln 17,40 Frischer [&hellip;]<\/p>\n","protected":false},"author":1,"featured_media":0,"parent":64,"menu_order":2,"comment_status":"closed","ping_status":"closed","template":"page-templates\/page-mittag.php","meta":{"footnotes":""},"class_list":["post-10","page","type-page","status-publish","hentry"],"acf":[],"yoast_head":"<!-- This site is optimized with the Yoast SEO plugin v22.8 - https:\/\/yoast.com\/wordpress\/plugins\/seo\/ -->\n<title>Tageskarte - Wirtshaus zur Bums&#039;n in Sch\u00e4rding<\/title>\n<meta name=\"robots\" content=\"index, follow, max-snippet:-1, max-image-preview:large, max-video-preview:-1\" \/>\n<link rel=\"canonical\" href=\"https:\/\/www.bumsn.at\/index.php\/essen-trinken\/tagesmenue\/\" \/>\n<meta property=\"og:locale\" content=\"de_DE\" \/>\n<meta property=\"og:type\" content=\"article\" \/>\n<meta property=\"og:title\" content=\"Tageskarte - Wirtshaus zur Bums&#039;n in Sch\u00e4rding\" \/>\n<meta property=\"og:description\" content=\"Samstag, 25. April 2026 MEN\u00dcZucchinicremesuppe Spargel Cordon Bleu(paniertes Schnitzel mit Spargel, Schinken und Frischk\u00e4se gef\u00fcllt)mit Kartoffeln und gemischtem Salat 19,50 STAMMGERICHTBums\u00b4n Salat(Leberk\u00e4se, Kartoffel- und Krautsalat) 12,80 GERICHT DES TAGESFrischer Stangenspargel (Schrobenhausen)mit Sauce Hollandaise, kleinem Rumpsteak und Kartoffeln 28,50 Spargelcremesuppe mit Schlagobers und Croutons 5,90 Frischer Stangenspargel (Schrobenhausen) mit Sauce Hollandaise,gebratenen Schinken und Kartoffeln 17,40 Frischer [&hellip;]\" \/>\n<meta property=\"og:url\" content=\"https:\/\/www.bumsn.at\/index.php\/essen-trinken\/tagesmenue\/\" \/>\n<meta property=\"og:site_name\" content=\"Wirtshaus zur Bums&#039;n in Sch\u00e4rding\" \/>\n<meta property=\"article:modified_time\" content=\"2026-04-25T06:49:48+00:00\" \/>\n<meta name=\"twitter:card\" content=\"summary_large_image\" \/>\n<meta name=\"twitter:label1\" content=\"Gesch\u00e4tzte Lesezeit\" \/>\n\t<meta name=\"twitter:data1\" content=\"1\u00a0Minute\" \/>\n<script type=\"application\/ld+json\" class=\"yoast-schema-graph\">{\"@context\":\"https:\/\/schema.org\",\"@graph\":[{\"@type\":\"WebPage\",\"@id\":\"https:\/\/www.bumsn.at\/index.php\/essen-trinken\/tagesmenue\/\",\"url\":\"https:\/\/www.bumsn.at\/index.php\/essen-trinken\/tagesmenue\/\",\"name\":\"Tageskarte - Wirtshaus zur Bums&#039;n in Sch\u00e4rding\",\"isPartOf\":{\"@id\":\"https:\/\/www.bumsn.at\/#website\"},\"datePublished\":\"2024-01-03T09:25:45+00:00\",\"dateModified\":\"2026-04-25T06:49:48+00:00\",\"breadcrumb\":{\"@id\":\"https:\/\/www.bumsn.at\/index.php\/essen-trinken\/tagesmenue\/#breadcrumb\"},\"inLanguage\":\"de\",\"potentialAction\":[{\"@type\":\"ReadAction\",\"target\":[\"https:\/\/www.bumsn.at\/index.php\/essen-trinken\/tagesmenue\/\"]}]},{\"@type\":\"BreadcrumbList\",\"@id\":\"https:\/\/www.bumsn.at\/index.php\/essen-trinken\/tagesmenue\/#breadcrumb\",\"itemListElement\":[{\"@type\":\"ListItem\",\"position\":1,\"name\":\"Startseite\",\"item\":\"https:\/\/www.bumsn.at\/\"},{\"@type\":\"ListItem\",\"position\":2,\"name\":\"Essen &#038; Trinken\",\"item\":\"https:\/\/www.bumsn.at\/index.php\/essen-trinken\/\"},{\"@type\":\"ListItem\",\"position\":3,\"name\":\"Tageskarte\"}]},{\"@type\":\"WebSite\",\"@id\":\"https:\/\/www.bumsn.at\/#website\",\"url\":\"https:\/\/www.bumsn.at\/\",\"name\":\"Wirtshaus zur Bums'n in Sch\u00e4rding\",\"description\":\"\",\"publisher\":{\"@id\":\"https:\/\/www.bumsn.at\/#organization\"},\"potentialAction\":[{\"@type\":\"SearchAction\",\"target\":{\"@type\":\"EntryPoint\",\"urlTemplate\":\"https:\/\/www.bumsn.at\/?s={search_term_string}\"},\"query-input\":\"required name=search_term_string\"}],\"inLanguage\":\"de\"},{\"@type\":\"Organization\",\"@id\":\"https:\/\/www.bumsn.at\/#organization\",\"name\":\"Wirtshaus zur Bums'n in Sch\u00e4rding\",\"url\":\"https:\/\/www.bumsn.at\/\",\"logo\":{\"@type\":\"ImageObject\",\"inLanguage\":\"de\",\"@id\":\"https:\/\/www.bumsn.at\/#\/schema\/logo\/image\/\",\"url\":\"https:\/\/www.bumsn.at\/wp-content\/uploads\/2024\/04\/s5_logo.png\",\"contentUrl\":\"https:\/\/www.bumsn.at\/wp-content\/uploads\/2024\/04\/s5_logo.png\",\"width\":192,\"height\":90,\"caption\":\"Wirtshaus zur Bums'n in Sch\u00e4rding\"},\"image\":{\"@id\":\"https:\/\/www.bumsn.at\/#\/schema\/logo\/image\/\"}}]}<\/script>\n<!-- \/ Yoast SEO plugin. -->","yoast_head_json":{"title":"Tageskarte - Wirtshaus zur Bums&#039;n in Sch\u00e4rding","robots":{"index":"index","follow":"follow","max-snippet":"max-snippet:-1","max-image-preview":"max-image-preview:large","max-video-preview":"max-video-preview:-1"},"canonical":"https:\/\/www.bumsn.at\/index.php\/essen-trinken\/tagesmenue\/","og_locale":"de_DE","og_type":"article","og_title":"Tageskarte - Wirtshaus zur Bums&#039;n in Sch\u00e4rding","og_description":"Samstag, 25. April 2026 MEN\u00dcZucchinicremesuppe Spargel Cordon Bleu(paniertes Schnitzel mit Spargel, Schinken und Frischk\u00e4se gef\u00fcllt)mit Kartoffeln und gemischtem Salat 19,50 STAMMGERICHTBums\u00b4n Salat(Leberk\u00e4se, Kartoffel- und Krautsalat) 12,80 GERICHT DES TAGESFrischer Stangenspargel (Schrobenhausen)mit Sauce Hollandaise, kleinem Rumpsteak und Kartoffeln 28,50 Spargelcremesuppe mit Schlagobers und Croutons 5,90 Frischer Stangenspargel (Schrobenhausen) mit Sauce Hollandaise,gebratenen Schinken und Kartoffeln 17,40 Frischer [&hellip;]","og_url":"https:\/\/www.bumsn.at\/index.php\/essen-trinken\/tagesmenue\/","og_site_name":"Wirtshaus zur Bums&#039;n in Sch\u00e4rding","article_modified_time":"2026-04-25T06:49:48+00:00","twitter_card":"summary_large_image","twitter_misc":{"Gesch\u00e4tzte Lesezeit":"1\u00a0Minute"},"schema":{"@context":"https:\/\/schema.org","@graph":[{"@type":"WebPage","@id":"https:\/\/www.bumsn.at\/index.php\/essen-trinken\/tagesmenue\/","url":"https:\/\/www.bumsn.at\/index.php\/essen-trinken\/tagesmenue\/","name":"Tageskarte - Wirtshaus zur Bums&#039;n in Sch\u00e4rding","isPartOf":{"@id":"https:\/\/www.bumsn.at\/#website"},"datePublished":"2024-01-03T09:25:45+00:00","dateModified":"2026-04-25T06:49:48+00:00","breadcrumb":{"@id":"https:\/\/www.bumsn.at\/index.php\/essen-trinken\/tagesmenue\/#breadcrumb"},"inLanguage":"de","potentialAction":[{"@type":"ReadAction","target":["https:\/\/www.bumsn.at\/index.php\/essen-trinken\/tagesmenue\/"]}]},{"@type":"BreadcrumbList","@id":"https:\/\/www.bumsn.at\/index.php\/essen-trinken\/tagesmenue\/#breadcrumb","itemListElement":[{"@type":"ListItem","position":1,"name":"Startseite","item":"https:\/\/www.bumsn.at\/"},{"@type":"ListItem","position":2,"name":"Essen &#038; Trinken","item":"https:\/\/www.bumsn.at\/index.php\/essen-trinken\/"},{"@type":"ListItem","position":3,"name":"Tageskarte"}]},{"@type":"WebSite","@id":"https:\/\/www.bumsn.at\/#website","url":"https:\/\/www.bumsn.at\/","name":"Wirtshaus zur Bums'n in Sch\u00e4rding","description":"","publisher":{"@id":"https:\/\/www.bumsn.at\/#organization"},"potentialAction":[{"@type":"SearchAction","target":{"@type":"EntryPoint","urlTemplate":"https:\/\/www.bumsn.at\/?s={search_term_string}"},"query-input":"required name=search_term_string"}],"inLanguage":"de"},{"@type":"Organization","@id":"https:\/\/www.bumsn.at\/#organization","name":"Wirtshaus zur Bums'n in Sch\u00e4rding","url":"https:\/\/www.bumsn.at\/","logo":{"@type":"ImageObject","inLanguage":"de","@id":"https:\/\/www.bumsn.at\/#\/schema\/logo\/image\/","url":"https:\/\/www.bumsn.at\/wp-content\/uploads\/2024\/04\/s5_logo.png","contentUrl":"https:\/\/www.bumsn.at\/wp-content\/uploads\/2024\/04\/s5_logo.png","width":192,"height":90,"caption":"Wirtshaus zur Bums'n in Sch\u00e4rding"},"image":{"@id":"https:\/\/www.bumsn.at\/#\/schema\/logo\/image\/"}}]}},"_links":{"self":[{"href":"https:\/\/www.bumsn.at\/index.php\/wp-json\/wp\/v2\/pages\/10","targetHints":{"allow":["GET"]}}],"collection":[{"href":"https:\/\/www.bumsn.at\/index.php\/wp-json\/wp\/v2\/pages"}],"about":[{"href":"https:\/\/www.bumsn.at\/index.php\/wp-json\/wp\/v2\/types\/page"}],"author":[{"embeddable":true,"href":"https:\/\/www.bumsn.at\/index.php\/wp-json\/wp\/v2\/users\/1"}],"replies":[{"embeddable":true,"href":"https:\/\/www.bumsn.at\/index.php\/wp-json\/wp\/v2\/comments?post=10"}],"version-history":[{"count":685,"href":"https:\/\/www.bumsn.at\/index.php\/wp-json\/wp\/v2\/pages\/10\/revisions"}],"predecessor-version":[{"id":1593,"href":"https:\/\/www.bumsn.at\/index.php\/wp-json\/wp\/v2\/pages\/10\/revisions\/1593"}],"up":[{"embeddable":true,"href":"https:\/\/www.bumsn.at\/index.php\/wp-json\/wp\/v2\/pages\/64"}],"wp:attachment":[{"href":"https:\/\/www.bumsn.at\/index.php\/wp-json\/wp\/v2\/media?parent=10"}],"curies":[{"name":"wp","href":"https:\/\/api.w.org\/{rel}","templated":true}]}}